{"id":949,"date":"2023-06-30T23:48:42","date_gmt":"2023-06-30T23:48:42","guid":{"rendered":"http:\/\/dakatherm.com\/?page_id=949"},"modified":"2023-10-05T20:40:22","modified_gmt":"2023-10-05T20:40:22","slug":"xps","status":"publish","type":"page","link":"https:\/\/dakatherm.com\/sq\/xps\/","title":{"rendered":"XPS"},"content":{"rendered":"<div data-elementor-type=\"wp-page\" data-elementor-id=\"949\" class=\"elementor elementor-949\">\n\t\t\t\t\t\t\t\t\t<section class=\"elementor-section elementor-top-section elementor-element elementor-element-5e1a7c5 elementor-section-boxed elementor-section-height-default elementor-section-height-default\" data-id=\"5e1a7c5\" data-element_type=\"section\">\n\t\t\t\t\t\t<div class=\"elementor-container elementor-column-gap-default\">\n\t\t\t\t\t<div class=\"elementor-column elementor-col-50 elementor-top-column elementor-element elementor-element-268bb4c\" data-id=\"268bb4c\" data-element_type=\"column\">\n\t\t\t<div class=\"elementor-widget-wrap elementor-element-populated\">\n\t\t\t\t\t\t\t\t<div class=\"elementor-element elementor-element-c978656 elementor-widget elementor-widget-hub_fancy_heading\" data-id=\"c978656\" data-element_type=\"widget\" data-widget_type=\"hub_fancy_heading.default\">\n\t\t\t\t<div class=\"elementor-widget-container\">\n\t\t\t\n\t\t<div id=\"ld-fancy-heading-69d111f873594\" class=\"ld-fancy-heading pos-rel\">\n\t\t\t<h2 class=\"ld-fh-element d-inline-block pos-rel elementor-heading-title normal lqd-highlight-classic lqd-highlight-grow-left h2\"  > Daka Therm XPS<\/h2>\t\t<\/div>\n\n\t\t\t\t<\/div>\n\t\t\t\t<\/div>\n\t\t\t\t<div class=\"elementor-element elementor-element-0bad9fc elementor-widget elementor-widget-text-editor\" data-id=\"0bad9fc\" data-element_type=\"widget\" data-widget_type=\"text-editor.default\">\n\t\t\t\t<div class=\"elementor-widget-container\">\n\t\t\t<style>\/*! elementor - v3.10.1 - 17-01-2023 *\/\n.elementor-widget-text-editor.elementor-drop-cap-view-stacked .elementor-drop-cap{background-color:#818a91;color:#fff}.elementor-widget-text-editor.elementor-drop-cap-view-framed .elementor-drop-cap{color:#818a91;border:3px solid;background-color:transparent}.elementor-widget-text-editor:not(.elementor-drop-cap-view-default) .elementor-drop-cap{margin-top:8px}.elementor-widget-text-editor:not(.elementor-drop-cap-view-default) .elementor-drop-cap-letter{width:1em;height:1em}.elementor-widget-text-editor .elementor-drop-cap{float:left;text-align:center;line-height:1;font-size:50px}.elementor-widget-text-editor .elementor-drop-cap-letter{display:inline-block}<\/style>\t\t\t\t<p>Shumica e skajeve t\u00eb produkteve DakaTherm XPS jan\u00eb me rebate (prerje L) ose me gjuh\u00eb dhe brazd\u00eb (prerje D). Bordet zakonisht instalohen n\u00eb nj\u00eb shtres\u00eb t\u00eb vetme. Aplikimi me dy shtresa \u00ebsht\u00eb i d\u00ebshiruesh\u00ebm p\u00ebr pllakat me skaje katrore (L), duke parandaluar k\u00ebshtu formimin e urave termike n\u00eb fuga. Izolimi termik DAKA XPS n\u00eb d\u00ebrrasa duhet t\u00eb vendoset n\u00eb \u00e7atit\u00eb e sheshta t\u00eb p\u00ebrmbysura n\u00eb nj\u00eb shtres\u00eb t\u00eb vetme.<\/p>\n<p>Pllakat termoizoluese DakaTherm XPS jan\u00eb rezistente ndaj t\u00eb ftohtit, shiut dhe bor\u00ebs, por jo ndaj ekspozimit afatgjat\u00eb ndaj rrezatimit ultravjollc\u00eb, si\u00e7 \u00ebsht\u00eb ai i shkaktuar nga rrezet e diellit direkte. Prandaj, d\u00ebrrasat duhet t\u00eb trajtohen me kujdes dhe folia mbrojt\u00ebse duhet t\u00eb hiqet vet\u00ebm pak para instalimit.<\/p>\t\t\t\t\t\t<\/div>\n\t\t\t\t<\/div>\n\t\t\t\t\t<\/div>\n\t\t<\/div>\n\t\t\t\t<div class=\"elementor-column elementor-col-50 elementor-top-column elementor-element elementor-element-bccab0f\" data-id=\"bccab0f\" data-element_type=\"column\">\n\t\t\t<div class=\"elementor-widget-wrap elementor-element-populated\">\n\t\t\t\t\t\t\t\t<div class=\"elementor-element elementor-element-a67eda2 elementor-widget elementor-widget-image\" data-id=\"a67eda2\" data-element_type=\"widget\" data-widget_type=\"image.default\">\n\t\t\t\t<div class=\"elementor-widget-container\">\n\t\t\t<style>\/*! elementor - v3.10.1 - 17-01-2023 *\/\n.elementor-widget-image{text-align:center}.elementor-widget-image a{display:inline-block}.elementor-widget-image a img[src$=\".svg\"]{width:48px}.elementor-widget-image img{vertical-align:middle;display:inline-block}<\/style>\t\t\t\t\t\t\t\t\t\t\t\t<img decoding=\"async\" width=\"675\" height=\"369\" src=\"https:\/\/dakatherm.com\/wp-content\/uploads\/2023\/10\/XPS-Single.png\" class=\"attachment-large size-large wp-image-1218\" alt=\"\" srcset=\"https:\/\/dakatherm.com\/wp-content\/uploads\/2023\/10\/XPS-Single.png 675w, https:\/\/dakatherm.com\/wp-content\/uploads\/2023\/10\/XPS-Single-300x164.png 300w, https:\/\/dakatherm.com\/wp-content\/uploads\/2023\/10\/XPS-Single-18x10.png 18w\" sizes=\"(max-width: 675px) 100vw, 675px\" \/>\t\t\t\t\t\t\t\t\t\t\t\t\t\t\t<\/div>\n\t\t\t\t<\/div>\n\t\t\t\t\t<\/div>\n\t\t<\/div>\n\t\t\t\t\t\t\t<\/div>\n\t\t<\/section>\n\t\t\t\t<section class=\"elementor-section elementor-top-section elementor-element elementor-element-0b03277 elementor-section-boxed elementor-section-height-default elementor-section-height-default\" data-id=\"0b03277\" data-element_type=\"section\">\n\t\t\t\t\t\t<div class=\"elementor-container elementor-column-gap-default\">\n\t\t\t\t\t<div class=\"elementor-column elementor-col-25 elementor-top-column elementor-element elementor-element-7b6ad53\" data-id=\"7b6ad53\" data-element_type=\"column\">\n\t\t\t<div class=\"elementor-widget-wrap elementor-element-populated\">\n\t\t\t\t\t\t\t\t<div class=\"elementor-element elementor-element-109e0ac elementor-widget elementor-widget-image\" data-id=\"109e0ac\" data-element_type=\"widget\" data-widget_type=\"image.default\">\n\t\t\t\t<div class=\"elementor-widget-container\">\n\t\t\t\t\t\t\t\t\t\t\t\t\t\t\t<img decoding=\"async\" width=\"370\" height=\"470\" src=\"data:image\/svg+xml;charset=utf-8,%3Csvg xmlns%3D&#039;http%3A%2F%2Fwww.w3.org%2F2000%2Fsvg&#039; viewBox%3D&#039;0 0 370 470&#039;%2F%3E\" class=\"attachment-liquid-style9-lb size-liquid-style9-lb wp-image-1306 ld-lazyload\" alt=\"\" data-src=\"https:\/\/dakatherm.com\/wp-content\/uploads\/2023\/10\/DSC0197-370x470.jpg\" data-aspect=\"0.78723404255319\" \/>\t\t\t\t\t\t\t\t\t\t\t\t\t\t\t<\/div>\n\t\t\t\t<\/div>\n\t\t\t\t\t<\/div>\n\t\t<\/div>\n\t\t\t\t<div class=\"elementor-column elementor-col-50 elementor-top-column elementor-element elementor-element-e1f0a91\" data-id=\"e1f0a91\" data-element_type=\"column\">\n\t\t\t<div class=\"elementor-widget-wrap elementor-element-populated\">\n\t\t\t\t\t\t\t\t<div class=\"elementor-element elementor-element-4f385b7 elementor-widget elementor-widget-image\" data-id=\"4f385b7\" data-element_type=\"widget\" data-widget_type=\"image.default\">\n\t\t\t\t<div class=\"elementor-widget-container\">\n\t\t\t\t\t\t\t\t\t\t\t\t\t\t\t<img decoding=\"async\" width=\"768\" height=\"512\" src=\"data:image\/svg+xml;charset=utf-8,%3Csvg xmlns%3D&#039;http%3A%2F%2Fwww.w3.org%2F2000%2Fsvg&#039; viewBox%3D&#039;0 0 1800 1200&#039;%2F%3E\" class=\"attachment-medium_large size-medium_large wp-image-1305 ld-lazyload\" alt=\"\" data-src=\"https:\/\/dakatherm.com\/wp-content\/uploads\/2023\/10\/DSC0111.jpg\" data-srcset=\"https:\/\/dakatherm.com\/wp-content\/uploads\/2023\/10\/DSC0111.jpg 1800w, https:\/\/dakatherm.com\/wp-content\/uploads\/2023\/10\/DSC0111-300x200.jpg 300w, https:\/\/dakatherm.com\/wp-content\/uploads\/2023\/10\/DSC0111-1024x683.jpg 1024w, https:\/\/dakatherm.com\/wp-content\/uploads\/2023\/10\/DSC0111-1536x1024.jpg 1536w, https:\/\/dakatherm.com\/wp-content\/uploads\/2023\/10\/DSC0111-720x480.jpg 720w, https:\/\/dakatherm.com\/wp-content\/uploads\/2023\/10\/DSC0111-18x12.jpg 18w\" data-sizes=\"(max-width: 768px) 100vw, 768px\" data-aspect=\"1.5\" \/>\t\t\t\t\t\t\t\t\t\t\t\t\t\t\t<\/div>\n\t\t\t\t<\/div>\n\t\t\t\t\t<\/div>\n\t\t<\/div>\n\t\t\t\t<div class=\"elementor-column elementor-col-25 elementor-top-column elementor-element elementor-element-ed016a8\" data-id=\"ed016a8\" data-element_type=\"column\">\n\t\t\t<div class=\"elementor-widget-wrap elementor-element-populated\">\n\t\t\t\t\t\t\t\t<div class=\"elementor-element elementor-element-228af50 elementor-widget elementor-widget-image\" data-id=\"228af50\" data-element_type=\"widget\" data-widget_type=\"image.default\">\n\t\t\t\t<div class=\"elementor-widget-container\">\n\t\t\t\t\t\t\t\t\t\t\t\t\t\t\t<img decoding=\"async\" width=\"370\" height=\"470\" src=\"data:image\/svg+xml;charset=utf-8,%3Csvg xmlns%3D&#039;http%3A%2F%2Fwww.w3.org%2F2000%2Fsvg&#039; viewBox%3D&#039;0 0 370 470&#039;%2F%3E\" class=\"attachment-liquid-style9-lb size-liquid-style9-lb wp-image-1307 ld-lazyload\" alt=\"\" data-src=\"https:\/\/dakatherm.com\/wp-content\/uploads\/2023\/10\/DSC0244-370x470.jpg\" data-aspect=\"0.78723404255319\" \/>\t\t\t\t\t\t\t\t\t\t\t\t\t\t\t<\/div>\n\t\t\t\t<\/div>\n\t\t\t\t\t<\/div>\n\t\t<\/div>\n\t\t\t\t\t\t\t<\/div>\n\t\t<\/section>\n\t\t\t\t<section class=\"elementor-section elementor-top-section elementor-element elementor-element-4c22846f elementor-section-boxed elementor-section-height-default elementor-section-height-default\" data-id=\"4c22846f\" data-element_type=\"section\">\n\t\t\t\t\t\t<div class=\"elementor-container elementor-column-gap-default\">\n\t\t\t\t\t<div class=\"elementor-column elementor-col-100 elementor-top-column elementor-element elementor-element-5208fd62\" data-id=\"5208fd62\" data-element_type=\"column\">\n\t\t\t<div class=\"elementor-widget-wrap elementor-element-populated\">\n\t\t\t\t\t\t\t\t<div class=\"elementor-element elementor-element-71e5eae4 elementor-widget elementor-widget-text-editor\" data-id=\"71e5eae4\" data-element_type=\"widget\" data-widget_type=\"text-editor.default\">\n\t\t\t\t<div class=\"elementor-widget-container\">\n\t\t\t\t\t\t\t<!-- wp:paragraph -->\n<p>\u00a0<\/p>\n<!-- \/wp:paragraph --><!-- wp:shortcode -->\n<p><div class=\"_df_book df-lite\" id=\"df_925\"  _slug=\"xps\" data-title=\"xps\" wpoptions=\"true\" thumbtype=\"\" ><\/div><script class=\"df-shortcode-script\" nowprocket type=\"application\/javascript\">window.option_df_925 = {\"outline\":[],\"autoEnableOutline\":\"false\",\"autoEnableThumbnail\":\"false\",\"overwritePDFOutline\":\"false\",\"direction\":\"1\",\"pageSize\":\"0\",\"source\":\"http:\\\/\\\/dakatherm.com\\\/wp-content\\\/uploads\\\/2023\\\/06\\\/DakaTherm-XPS-catalogue-1.pdf\",\"wpOptions\":\"true\"}; if(window.DFLIP && window.DFLIP.parseBooks){window.DFLIP.parseBooks();}<\/script><\/p>\n<!-- \/wp:shortcode -->\t\t\t\t\t\t<\/div>\n\t\t\t\t<\/div>\n\t\t\t\t\t<\/div>\n\t\t<\/div>\n\t\t\t\t\t\t\t<\/div>\n\t\t<\/section>\n\t\t\t\t<section class=\"elementor-section elementor-top-section elementor-element elementor-element-ef89b29 elementor-section-full_width elementor-section-stretched elementor-section-height-default elementor-section-height-default\" data-id=\"ef89b29\" data-element_type=\"section\" data-settings=\"{&quot;stretch_section&quot;:&quot;section-stretched&quot;}\">\n\t\t\t\t\t\t<div class=\"elementor-container elementor-column-gap-no\">\n\t\t\t\t\t<div class=\"elementor-column elementor-col-100 elementor-top-column elementor-element elementor-element-7113dc0\" data-id=\"7113dc0\" data-element_type=\"column\">\n\t\t\t<div class=\"elementor-widget-wrap elementor-element-populated\">\n\t\t\t\t\t\t\t\t<div class=\"elementor-element elementor-element-6ec215e elementor-widget elementor-widget-image\" data-id=\"6ec215e\" data-element_type=\"widget\" data-widget_type=\"image.default\">\n\t\t\t\t<div class=\"elementor-widget-container\">\n\t\t\t\t\t\t\t\t\t\t\t\t\t\t\t<img decoding=\"async\" width=\"1920\" height=\"500\" src=\"data:image\/svg+xml;charset=utf-8,%3Csvg xmlns%3D&#039;http%3A%2F%2Fwww.w3.org%2F2000%2Fsvg&#039; viewBox%3D&#039;0 0 1920 500&#039;%2F%3E\" class=\"attachment-full size-full wp-image-1359 ld-lazyload\" alt=\"\" data-src=\"https:\/\/dakatherm.com\/wp-content\/uploads\/2023\/10\/Product-PhotoG-XPS.jpg\" data-srcset=\"https:\/\/dakatherm.com\/wp-content\/uploads\/2023\/10\/Product-PhotoG-XPS.jpg 1920w, https:\/\/dakatherm.com\/wp-content\/uploads\/2023\/10\/Product-PhotoG-XPS-300x78.jpg 300w, https:\/\/dakatherm.com\/wp-content\/uploads\/2023\/10\/Product-PhotoG-XPS-1024x267.jpg 1024w, https:\/\/dakatherm.com\/wp-content\/uploads\/2023\/10\/Product-PhotoG-XPS-1536x400.jpg 1536w, https:\/\/dakatherm.com\/wp-content\/uploads\/2023\/10\/Product-PhotoG-XPS-18x5.jpg 18w\" data-sizes=\"(max-width: 1920px) 100vw, 1920px\" data-aspect=\"3.84\" \/>\t\t\t\t\t\t\t\t\t\t\t\t\t\t\t<\/div>\n\t\t\t\t<\/div>\n\t\t\t\t\t<\/div>\n\t\t<\/div>\n\t\t\t\t\t\t\t<\/div>\n\t\t<\/section>\n\t\t\t\t\t\t\t<\/div>","protected":false},"excerpt":{"rendered":"<p>Daka Therm XPS Most edges of DakaTherm XPS products are rebated (L cut) or tongued-and-grooved (D cut). The boards are usually installed in a single layer. Double-layer application is desirable for boards with square (L) edges, thus preventing the formation of thermal bridges at joints. Thermal insulati DAKA XPS on boards must be fitted to [&hellip;]<\/p>","protected":false},"author":1,"featured_media":0,"parent":0,"menu_order":0,"comment_status":"closed","ping_status":"closed","template":"","meta":{"footnotes":""},"class_list":["post-949","page","type-page","status-publish","hentry"],"_links":{"self":[{"href":"https:\/\/dakatherm.com\/sq\/wp-json\/wp\/v2\/pages\/949","targetHints":{"allow":["GET"]}}],"collection":[{"href":"https:\/\/dakatherm.com\/sq\/wp-json\/wp\/v2\/pages"}],"about":[{"href":"https:\/\/dakatherm.com\/sq\/wp-json\/wp\/v2\/types\/page"}],"author":[{"embeddable":true,"href":"https:\/\/dakatherm.com\/sq\/wp-json\/wp\/v2\/users\/1"}],"replies":[{"embeddable":true,"href":"https:\/\/dakatherm.com\/sq\/wp-json\/wp\/v2\/comments?post=949"}],"version-history":[{"count":16,"href":"https:\/\/dakatherm.com\/sq\/wp-json\/wp\/v2\/pages\/949\/revisions"}],"predecessor-version":[{"id":1362,"href":"https:\/\/dakatherm.com\/sq\/wp-json\/wp\/v2\/pages\/949\/revisions\/1362"}],"wp:attachment":[{"href":"https:\/\/dakatherm.com\/sq\/wp-json\/wp\/v2\/media?parent=949"}],"curies":[{"name":"wp","href":"https:\/\/api.w.org\/{rel}","templated":true}]}}