{"id":958,"date":"2023-06-30T23:52:03","date_gmt":"2023-06-30T23:52:03","guid":{"rendered":"http:\/\/dakatherm.com\/?page_id=958"},"modified":"2023-10-05T20:38:48","modified_gmt":"2023-10-05T20:38:48","slug":"fiberglass-mesh","status":"publish","type":"page","link":"https:\/\/dakatherm.com\/sq\/fiberglass-mesh\/","title":{"rendered":"Rrjeta"},"content":{"rendered":"<div data-elementor-type=\"wp-page\" data-elementor-id=\"958\" class=\"elementor elementor-958\">\n\t\t\t\t\t\t\t\t\t<section class=\"elementor-section elementor-top-section elementor-element elementor-element-adc25b4 elementor-section-boxed elementor-section-height-default elementor-section-height-default\" data-id=\"adc25b4\" data-element_type=\"section\">\n\t\t\t\t\t\t<div class=\"elementor-container elementor-column-gap-default\">\n\t\t\t\t\t<div class=\"elementor-column elementor-col-50 elementor-top-column elementor-element elementor-element-fecef23\" data-id=\"fecef23\" data-element_type=\"column\">\n\t\t\t<div class=\"elementor-widget-wrap elementor-element-populated\">\n\t\t\t\t\t\t\t\t<div class=\"elementor-element elementor-element-50b5760 elementor-widget elementor-widget-hub_fancy_heading\" data-id=\"50b5760\" data-element_type=\"widget\" data-widget_type=\"hub_fancy_heading.default\">\n\t\t\t\t<div class=\"elementor-widget-container\">\n\t\t\t\n\t\t<div id=\"ld-fancy-heading-69d1131954c83\" class=\"ld-fancy-heading pos-rel\">\n\t\t\t<h2 class=\"ld-fh-element d-inline-block pos-rel elementor-heading-title normal lqd-highlight-classic lqd-highlight-grow-left h2\"  > Rrjeta Daka<\/h2>\t\t<\/div>\n\n\t\t\t\t<\/div>\n\t\t\t\t<\/div>\n\t\t\t\t<div class=\"elementor-element elementor-element-54241df elementor-widget elementor-widget-text-editor\" data-id=\"54241df\" data-element_type=\"widget\" data-widget_type=\"text-editor.default\">\n\t\t\t\t<div class=\"elementor-widget-container\">\n\t\t\t<style>\/*! elementor - v3.10.1 - 17-01-2023 *\/\n.elementor-widget-text-editor.elementor-drop-cap-view-stacked .elementor-drop-cap{background-color:#818a91;color:#fff}.elementor-widget-text-editor.elementor-drop-cap-view-framed .elementor-drop-cap{color:#818a91;border:3px solid;background-color:transparent}.elementor-widget-text-editor:not(.elementor-drop-cap-view-default) .elementor-drop-cap{margin-top:8px}.elementor-widget-text-editor:not(.elementor-drop-cap-view-default) .elementor-drop-cap-letter{width:1em;height:1em}.elementor-widget-text-editor .elementor-drop-cap{float:left;text-align:center;line-height:1;font-size:50px}.elementor-widget-text-editor .elementor-drop-cap-letter{display:inline-block}<\/style>\t\t\t\t<p>Rrjeta nga DakaTherm \u00ebsht\u00eb nj\u00eb material i gjithansh\u00ebm q\u00eb p\u00ebrdoret zakonisht n\u00eb nd\u00ebrtim p\u00ebr p\u00ebrforcimin e \u00e7imentos, suvas\u00eb dhe materialeve t\u00eb tjera t\u00eb nd\u00ebrtimit. \u00cbsht\u00eb b\u00ebr\u00eb nga fije t\u00eb holl\u00eb tekstil me fije qelqi q\u00eb jan\u00eb t\u00eb endura s\u00eb bashku p\u00ebr t\u00eb formuar nj\u00eb p\u00eblhur\u00eb fleksib\u00ebl dhe t\u00eb fort\u00eb. Kjo rrjet\u00eb tekstil me fije qelqi \u00ebsht\u00eb plastifikuar dhe trajtuar p\u00ebr t\u00eb qen\u00eb rezistente ndaj alkaleve. P\u00ebrdoret n\u00eb sistemet termoizoluese t\u00eb fasadave p\u00ebr t\u00eb p\u00ebrforcuar suvat\u00eb e baz\u00ebs gjat\u00eb rinovimeve dhe n\u00eb materialet e nivelimit dhe hidroizolimit. Zakonisht mjafton t\u00eb p\u00ebrdoret nj\u00eb shtres\u00eb e vetme e k\u00ebtij armatura p\u00ebr rezistenc\u00eb m\u00eb t\u00eb lart\u00eb t\u00eb temperatur\u00ebs dhe p\u00ebr t'i b\u00ebr\u00eb ball\u00eb ngarkesave t\u00eb tjera. Megjithat\u00eb, p\u00ebr rezistenc\u00eb t\u00eb q\u00ebndrueshme ndaj goditjes, rekomandohet p\u00ebrdorimi i nj\u00eb shtrese t\u00eb dyfisht\u00eb t\u00eb armatur\u00ebs.<\/p>\t\t\t\t\t\t<\/div>\n\t\t\t\t<\/div>\n\t\t\t\t\t<\/div>\n\t\t<\/div>\n\t\t\t\t<div class=\"elementor-column elementor-col-50 elementor-top-column elementor-element elementor-element-d521f9a\" data-id=\"d521f9a\" data-element_type=\"column\">\n\t\t\t<div class=\"elementor-widget-wrap elementor-element-populated\">\n\t\t\t\t\t\t\t\t<div class=\"elementor-element elementor-element-12aa3d2 elementor-widget elementor-widget-image\" data-id=\"12aa3d2\" data-element_type=\"widget\" data-widget_type=\"image.default\">\n\t\t\t\t<div class=\"elementor-widget-container\">\n\t\t\t<style>\/*! elementor - v3.10.1 - 17-01-2023 *\/\n.elementor-widget-image{text-align:center}.elementor-widget-image a{display:inline-block}.elementor-widget-image a img[src$=\".svg\"]{width:48px}.elementor-widget-image img{vertical-align:middle;display:inline-block}<\/style>\t\t\t\t\t\t\t\t\t\t\t\t<img decoding=\"async\" width=\"675\" height=\"369\" src=\"https:\/\/dakatherm.com\/wp-content\/uploads\/2023\/10\/Fiberglass-Mesh-Single.png\" class=\"attachment-large size-large wp-image-1200\" alt=\"\" srcset=\"https:\/\/dakatherm.com\/wp-content\/uploads\/2023\/10\/Fiberglass-Mesh-Single.png 675w, https:\/\/dakatherm.com\/wp-content\/uploads\/2023\/10\/Fiberglass-Mesh-Single-300x164.png 300w, https:\/\/dakatherm.com\/wp-content\/uploads\/2023\/10\/Fiberglass-Mesh-Single-18x10.png 18w\" sizes=\"(max-width: 675px) 100vw, 675px\" \/>\t\t\t\t\t\t\t\t\t\t\t\t\t\t\t<\/div>\n\t\t\t\t<\/div>\n\t\t\t\t\t<\/div>\n\t\t<\/div>\n\t\t\t\t\t\t\t<\/div>\n\t\t<\/section>\n\t\t\t\t<section class=\"elementor-section elementor-top-section elementor-element elementor-element-04a16f4 elementor-section-boxed elementor-section-height-default elementor-section-height-default\" data-id=\"04a16f4\" data-element_type=\"section\">\n\t\t\t\t\t\t<div class=\"elementor-container elementor-column-gap-default\">\n\t\t\t\t\t<div class=\"elementor-column elementor-col-25 elementor-top-column elementor-element elementor-element-b28a582\" data-id=\"b28a582\" data-element_type=\"column\">\n\t\t\t<div class=\"elementor-widget-wrap elementor-element-populated\">\n\t\t\t\t\t\t\t\t<div class=\"elementor-element elementor-element-6709a1a elementor-widget elementor-widget-image\" data-id=\"6709a1a\" data-element_type=\"widget\" data-widget_type=\"image.default\">\n\t\t\t\t<div class=\"elementor-widget-container\">\n\t\t\t\t\t\t\t\t\t\t\t\t\t\t\t<img decoding=\"async\" width=\"370\" height=\"470\" src=\"data:image\/svg+xml;charset=utf-8,%3Csvg xmlns%3D&#039;http%3A%2F%2Fwww.w3.org%2F2000%2Fsvg&#039; viewBox%3D&#039;0 0 370 470&#039;%2F%3E\" class=\"attachment-liquid-style9-lb size-liquid-style9-lb wp-image-1319 ld-lazyload\" alt=\"\" data-src=\"https:\/\/dakatherm.com\/wp-content\/uploads\/2023\/10\/DSC0583-350-370x470.jpg\" data-aspect=\"0.78723404255319\" \/>\t\t\t\t\t\t\t\t\t\t\t\t\t\t\t<\/div>\n\t\t\t\t<\/div>\n\t\t\t\t\t<\/div>\n\t\t<\/div>\n\t\t\t\t<div class=\"elementor-column elementor-col-50 elementor-top-column elementor-element elementor-element-19b5b19\" data-id=\"19b5b19\" data-element_type=\"column\">\n\t\t\t<div class=\"elementor-widget-wrap elementor-element-populated\">\n\t\t\t\t\t\t\t\t<div class=\"elementor-element elementor-element-06c66ef elementor-widget elementor-widget-image\" data-id=\"06c66ef\" data-element_type=\"widget\" data-widget_type=\"image.default\">\n\t\t\t\t<div class=\"elementor-widget-container\">\n\t\t\t\t\t\t\t\t\t\t\t\t\t\t\t<img decoding=\"async\" width=\"768\" height=\"512\" src=\"data:image\/svg+xml;charset=utf-8,%3Csvg xmlns%3D&#039;http%3A%2F%2Fwww.w3.org%2F2000%2Fsvg&#039; viewBox%3D&#039;0 0 1800 1199&#039;%2F%3E\" class=\"attachment-medium_large size-medium_large wp-image-1312 ld-lazyload\" alt=\"\" data-src=\"https:\/\/dakatherm.com\/wp-content\/uploads\/2023\/10\/DJI_0352.jpg\" data-srcset=\"https:\/\/dakatherm.com\/wp-content\/uploads\/2023\/10\/DJI_0352.jpg 1800w, https:\/\/dakatherm.com\/wp-content\/uploads\/2023\/10\/DJI_0352-300x200.jpg 300w, https:\/\/dakatherm.com\/wp-content\/uploads\/2023\/10\/DJI_0352-1024x682.jpg 1024w, https:\/\/dakatherm.com\/wp-content\/uploads\/2023\/10\/DJI_0352-1536x1023.jpg 1536w, https:\/\/dakatherm.com\/wp-content\/uploads\/2023\/10\/DJI_0352-720x480.jpg 720w, https:\/\/dakatherm.com\/wp-content\/uploads\/2023\/10\/DJI_0352-18x12.jpg 18w\" data-sizes=\"(max-width: 768px) 100vw, 768px\" data-aspect=\"1.5012510425354\" \/>\t\t\t\t\t\t\t\t\t\t\t\t\t\t\t<\/div>\n\t\t\t\t<\/div>\n\t\t\t\t\t<\/div>\n\t\t<\/div>\n\t\t\t\t<div class=\"elementor-column elementor-col-25 elementor-top-column elementor-element elementor-element-2c034a6\" data-id=\"2c034a6\" data-element_type=\"column\">\n\t\t\t<div class=\"elementor-widget-wrap elementor-element-populated\">\n\t\t\t\t\t\t\t\t<div class=\"elementor-element elementor-element-109d7c7 elementor-widget elementor-widget-image\" data-id=\"109d7c7\" data-element_type=\"widget\" data-widget_type=\"image.default\">\n\t\t\t\t<div class=\"elementor-widget-container\">\n\t\t\t\t\t\t\t\t\t\t\t\t\t\t\t<img decoding=\"async\" width=\"370\" height=\"470\" src=\"data:image\/svg+xml;charset=utf-8,%3Csvg xmlns%3D&#039;http%3A%2F%2Fwww.w3.org%2F2000%2Fsvg&#039; viewBox%3D&#039;0 0 370 470&#039;%2F%3E\" class=\"attachment-liquid-style9-lb size-liquid-style9-lb wp-image-1313 ld-lazyload\" alt=\"\" data-src=\"https:\/\/dakatherm.com\/wp-content\/uploads\/2023\/10\/DSC0583-496-370x470.jpg\" data-aspect=\"0.78723404255319\" \/>\t\t\t\t\t\t\t\t\t\t\t\t\t\t\t<\/div>\n\t\t\t\t<\/div>\n\t\t\t\t\t<\/div>\n\t\t<\/div>\n\t\t\t\t\t\t\t<\/div>\n\t\t<\/section>\n\t\t\t\t<section class=\"elementor-section elementor-top-section elementor-element elementor-element-43840432 elementor-section-boxed elementor-section-height-default elementor-section-height-default\" data-id=\"43840432\" data-element_type=\"section\">\n\t\t\t\t\t\t<div class=\"elementor-container elementor-column-gap-default\">\n\t\t\t\t\t<div class=\"elementor-column elementor-col-100 elementor-top-column elementor-element elementor-element-bf4044\" data-id=\"bf4044\" data-element_type=\"column\">\n\t\t\t<div class=\"elementor-widget-wrap elementor-element-populated\">\n\t\t\t\t\t\t\t\t<div class=\"elementor-element elementor-element-54b9971f elementor-widget elementor-widget-text-editor\" data-id=\"54b9971f\" data-element_type=\"widget\" data-widget_type=\"text-editor.default\">\n\t\t\t\t<div class=\"elementor-widget-container\">\n\t\t\t\t\t\t\t<!-- wp:paragraph --><!-- \/wp:paragraph --><!-- wp:paragraph -->\n<p>\u00a0<\/p>\n<!-- \/wp:paragraph --><!-- wp:shortcode -->\n<p><div class=\"_df_book df-lite\" id=\"df_955\"  _slug=\"mesh\" data-title=\"mesh\" wpoptions=\"true\" thumbtype=\"\" ><\/div><script class=\"df-shortcode-script\" nowprocket type=\"application\/javascript\">window.option_df_955 = {\"outline\":[],\"autoEnableOutline\":\"false\",\"autoEnableThumbnail\":\"false\",\"overwritePDFOutline\":\"false\",\"direction\":\"1\",\"pageSize\":\"0\",\"source\":\"http:\\\/\\\/dakatherm.com\\\/wp-content\\\/uploads\\\/2023\\\/06\\\/DakaTherm-Fiberglass-mesh-catalogue-1.pdf\",\"wpOptions\":\"true\"}; if(window.DFLIP && window.DFLIP.parseBooks){window.DFLIP.parseBooks();}<\/script><\/p>\n<!-- \/wp:shortcode -->\t\t\t\t\t\t<\/div>\n\t\t\t\t<\/div>\n\t\t\t\t\t<\/div>\n\t\t<\/div>\n\t\t\t\t\t\t\t<\/div>\n\t\t<\/section>\n\t\t\t\t<section class=\"elementor-section elementor-top-section elementor-element elementor-element-5748707 elementor-section-full_width elementor-section-stretched elementor-section-height-default elementor-section-height-default\" data-id=\"5748707\" data-element_type=\"section\" data-settings=\"{&quot;stretch_section&quot;:&quot;section-stretched&quot;}\">\n\t\t\t\t\t\t<div class=\"elementor-container elementor-column-gap-no\">\n\t\t\t\t\t<div class=\"elementor-column elementor-col-100 elementor-top-column elementor-element elementor-element-7127ac7\" data-id=\"7127ac7\" data-element_type=\"column\">\n\t\t\t<div class=\"elementor-widget-wrap elementor-element-populated\">\n\t\t\t\t\t\t\t\t<div class=\"elementor-element elementor-element-99f2b68 elementor-widget elementor-widget-image\" data-id=\"99f2b68\" data-element_type=\"widget\" data-widget_type=\"image.default\">\n\t\t\t\t<div class=\"elementor-widget-container\">\n\t\t\t\t\t\t\t\t\t\t\t\t\t\t\t<img decoding=\"async\" width=\"1920\" height=\"500\" src=\"data:image\/svg+xml;charset=utf-8,%3Csvg xmlns%3D&#039;http%3A%2F%2Fwww.w3.org%2F2000%2Fsvg&#039; viewBox%3D&#039;0 0 1920 500&#039;%2F%3E\" class=\"attachment-full size-full wp-image-1351 ld-lazyload\" alt=\"\" data-src=\"https:\/\/dakatherm.com\/wp-content\/uploads\/2023\/10\/Product-PhotoG-Mesh.jpg\" data-srcset=\"https:\/\/dakatherm.com\/wp-content\/uploads\/2023\/10\/Product-PhotoG-Mesh.jpg 1920w, https:\/\/dakatherm.com\/wp-content\/uploads\/2023\/10\/Product-PhotoG-Mesh-300x78.jpg 300w, https:\/\/dakatherm.com\/wp-content\/uploads\/2023\/10\/Product-PhotoG-Mesh-1024x267.jpg 1024w, https:\/\/dakatherm.com\/wp-content\/uploads\/2023\/10\/Product-PhotoG-Mesh-1536x400.jpg 1536w, https:\/\/dakatherm.com\/wp-content\/uploads\/2023\/10\/Product-PhotoG-Mesh-18x5.jpg 18w\" data-sizes=\"(max-width: 1920px) 100vw, 1920px\" data-aspect=\"3.84\" \/>\t\t\t\t\t\t\t\t\t\t\t\t\t\t\t<\/div>\n\t\t\t\t<\/div>\n\t\t\t\t\t<\/div>\n\t\t<\/div>\n\t\t\t\t\t\t\t<\/div>\n\t\t<\/section>\n\t\t\t\t\t\t\t<\/div>","protected":false},"excerpt":{"rendered":"<p>Daka Fiberglass Mesh DakaTherm Fiberglass Mesh is a versatile material commonly used in construction for reinforcing cement, plaster, and other building materials. It is made from thin strands of fiberglass that are woven together to form a flexible and strong fabric. This fiberglass mesh has been plasticized and treated to be resistant to alkalis. It [&hellip;]<\/p>","protected":false},"author":1,"featured_media":0,"parent":0,"menu_order":0,"comment_status":"closed","ping_status":"closed","template":"","meta":{"footnotes":""},"class_list":["post-958","page","type-page","status-publish","hentry"],"_links":{"self":[{"href":"https:\/\/dakatherm.com\/sq\/wp-json\/wp\/v2\/pages\/958","targetHints":{"allow":["GET"]}}],"collection":[{"href":"https:\/\/dakatherm.com\/sq\/wp-json\/wp\/v2\/pages"}],"about":[{"href":"https:\/\/dakatherm.com\/sq\/wp-json\/wp\/v2\/types\/page"}],"author":[{"embeddable":true,"href":"https:\/\/dakatherm.com\/sq\/wp-json\/wp\/v2\/users\/1"}],"replies":[{"embeddable":true,"href":"https:\/\/dakatherm.com\/sq\/wp-json\/wp\/v2\/comments?post=958"}],"version-history":[{"count":55,"href":"https:\/\/dakatherm.com\/sq\/wp-json\/wp\/v2\/pages\/958\/revisions"}],"predecessor-version":[{"id":1354,"href":"https:\/\/dakatherm.com\/sq\/wp-json\/wp\/v2\/pages\/958\/revisions\/1354"}],"wp:attachment":[{"href":"https:\/\/dakatherm.com\/sq\/wp-json\/wp\/v2\/media?parent=958"}],"curies":[{"name":"wp","href":"https:\/\/api.w.org\/{rel}","templated":true}]}}